
{"id":2409,"date":"2018-11-06T15:16:10","date_gmt":"2018-11-06T15:16:10","guid":{"rendered":"http:\/\/theaisle.elated-themes.com\/?page_id=2409"},"modified":"2023-11-09T12:23:52","modified_gmt":"2023-11-09T12:23:52","slug":"contacto","status":"publish","type":"page","link":"https:\/\/www.lew-hoad.com\/es\/contacto\/","title":{"rendered":"Contacto"},"content":{"rendered":"<section class=\"wpb-content-wrapper\"><p>[vc_row][vc_column]\n\t\t\t<!-- START Contacto REVOLUTION SLIDER 6.6.14 --><p class=\"rs-p-wp-fix\"><\/p>\n\t\t\t<rs-module-wrap id=\"rev_slider_35_1_wrapper\" data-source=\"gallery\" style=\"visibility:hidden;background:transparent;padding:0;margin:0px auto;margin-top:0;margin-bottom:0;\">\n\t\t\t\t<rs-module id=\"rev_slider_35_1\" style=\"\" data-version=\"6.6.14\">\n\t\t\t\t\t<rs-slides style=\"overflow: hidden; position: absolute;\">\n\t\t\t\t\t\t<rs-slide style=\"position: absolute;\" data-key=\"rs-65\" data-title=\"Slide\" data-anim=\"adpr:false;\">\n\t\t\t\t\t\t\t<img decoding=\"async\" src=\"\/\/www.lew-hoad.com\/wp-content\/plugins\/revslider\/public\/assets\/assets\/dummy.png\" alt=\"\" title=\"Contacto\" class=\"rev-slidebg tp-rs-img rs-lazyload\" data-lazyload=\"\/\/lew-hoad.com\/wp-content\/uploads\/2020\/01\/portada-contacto-scaled.jpg\" data-panzoom=\"d:10000;e:power2.out;ss:100;se:115;\" data-no-retina>\n<!--\n\t\t\t\t\t\t\t--><rs-layer\n\t\t\t\t\t\t\t\tid=\"slider-35-slide-65-layer-2\" \n\t\t\t\t\t\t\t\tclass=\"tp-shape tp-shapewrapper\"\n\t\t\t\t\t\t\t\tdata-type=\"shape\"\n\t\t\t\t\t\t\t\tdata-rsp_ch=\"on\"\n\t\t\t\t\t\t\t\tdata-xy=\"xo:-314px,-314px,-519px,-519px;yo:-151px,-151px,-156px,-156px;\"\n\t\t\t\t\t\t\t\tdata-text=\"a:inherit;\"\n\t\t\t\t\t\t\t\tdata-dim=\"w:1881px;h:1717,1717,1717px,1717px;\"\n\t\t\t\t\t\t\t\tdata-frame_0=\"tp:600;\"\n\t\t\t\t\t\t\t\tdata-frame_1=\"tp:600;sR:10;\"\n\t\t\t\t\t\t\t\tdata-frame_999=\"o:0;tp:600;st:w;sR:8690;\"\n\t\t\t\t\t\t\t\tstyle=\"z-index:5;background-color:rgba(0,0,0,0.5);\"\n\t\t\t\t\t\t\t> \n\t\t\t\t\t\t\t<\/rs-layer><!--\n\n\t\t\t\t\t\t\t--><rs-layer\n\t\t\t\t\t\t\t\tid=\"slider-35-slide-65-layer-1\" \n\t\t\t\t\t\t\t\tdata-type=\"text\"\n\t\t\t\t\t\t\t\tdata-rsp_ch=\"on\"\n\t\t\t\t\t\t\t\tdata-xy=\"x:c;y:m;\"\n\t\t\t\t\t\t\t\tdata-text=\"s:58;l:58;ls:2px;fw:300;a:inherit;\"\n\t\t\t\t\t\t\t\tdata-frame_0=\"tp:600;\"\n\t\t\t\t\t\t\t\tdata-frame_1=\"tp:600;st:1720;sp:1460;sR:1720;\"\n\t\t\t\t\t\t\t\tdata-frame_999=\"o:0;tp:600;st:w;sR:5820;\"\n\t\t\t\t\t\t\t\tstyle=\"z-index:6;font-family:'Cormorant';font-style:italic;\"\n\t\t\t\t\t\t\t>Contacto \n\t\t\t\t\t\t\t<\/rs-layer><!--\n-->\t\t\t\t\t\t<\/rs-slide>\n\t\t\t\t\t<\/rs-slides>\n\t\t\t\t<\/rs-module>\n\t\t\t\t<script>\n\t\t\t\t\tsetREVStartSize({c: 'rev_slider_35_1',rl:[1240,1024,778,778],el:[],gw:[1300,1100,600,600],gh:[750,600,600,600],type:'standard',justify:'',layout:'fullwidth',mh:\"0\"});if (window.RS_MODULES!==undefined && window.RS_MODULES.modules!==undefined && window.RS_MODULES.modules[\"revslider351\"]!==undefined) {window.RS_MODULES.modules[\"revslider351\"].once = false;window.revapi35 = undefined;if (window.RS_MODULES.checkMinimal!==undefined) window.RS_MODULES.checkMinimal()}\n\t\t\t\t<\/script>\n\t\t\t<\/rs-module-wrap>\n\t\t\t<!-- END REVOLUTION SLIDER -->\n[vc_empty_space height=\u00bb50px\u00bb][\/vc_column][\/vc_row][vc_row equal_height=\u00bbyes\u00bb content_placement=\u00bbmiddle\u00bb row_content_width=\u00bbgrid\u00bb css=\u00bb.vc_custom_1575455042681{padding-top: 53px !important;padding-bottom: 103px !important;}\u00bb][vc_column offset=\u00bbvc_col-lg-offset-0 vc_col-lg-6 vc_col-md-12&#8243; css=\u00bb.vc_custom_1543223670112{padding-top: 15px !important;padding-bottom: 30px !important;}\u00bb][vc_row_inner][vc_column_inner offset=\u00bbvc_col-lg-11&#8243;]<div class=\"eltdf-section-title-holder  eltdf-st-standard  \" style=\"text-align: left\">\n\t<div class=\"eltdf-st-inner\">\n        <div class=\"eltdf-st-image\" style=\"margin-bottom: 0px\">\n                    <\/div>\n\t\t\t\t\t<h2 class=\"eltdf-st-title\" >\n\t\t\t\t<span class=\"eltdf-st-title-word\">Contacta<\/span> <span class=\"eltdf-st-title-word\">con<\/span> <span class=\"eltdf-st-title-word\">nosotros<\/span>\t\t\t<\/h2>\n\t\t\t\t\t\t\t<span class=\"eltdf-st-text\" style=\"color: #baaa70;margin-top: 14px\">\n\t\t\t\tQueremos que forme parte de nuestro Club: vis\u00edtenos o p\u00f3ngase en contacto con nosotros. Contamos con todo aquello que te llevar\u00e1 a pasar una jornada inolvidable; la atm\u00f3sfera ideal para el deporte, la relajaci\u00f3n y la gastronom\u00eda en un entorno ideal.\t\t\t<\/span>\n\t\t\t<\/div>\n<\/div>[\/vc_column_inner][\/vc_row_inner][vc_empty_space height=\u00bb14px\u00bb][vc_row_inner][vc_column_inner][vc_empty_space height=\u00bb16px\u00bb]<div class=\"eltdf-iwt clearfix  eltdf-iwt-icon-left eltdf-iwt-icon-medium\">\n\t<div class=\"eltdf-iwt-icon\">\n\t\t\t\t\t\t\t\t\t<img loading=\"lazy\" decoding=\"async\" width=\"17\" height=\"25\" src=\"https:\/\/www.lew-hoad.com\/wp-content\/uploads\/2019\/12\/placeholder_location.svg\" class=\"attachment-full size-full\" alt=\"\" \/>\t\t\t\t\t\t<\/div>\n\t<div class=\"eltdf-iwt-content\" >\n\t\t\t\t\t<h3 class=\"eltdf-iwt-title\" >\n\t\t\t\t\t\t\t\t<span class=\"eltdf-iwt-title-text\">Carretera Mijas, km.3.5, Mijas, M\u00e1laga<\/span>\n\t\t\t\t\t\t\t<\/h3>\n\t\t\t\t\t\t<\/div>\n<\/div>[vc_empty_space height=\u00bb17px\u00bb]<div class=\"eltdf-iwt clearfix titulo-contacto eltdf-iwt-icon-left eltdf-iwt-icon-medium\">\n\t<div class=\"eltdf-iwt-icon\">\n\t\t\t\t\t<a itemprop=\"url\" href=\"tel:34952474858\" target=\"_self\">\n\t\t\t\t\t\t\t\t\t<img loading=\"lazy\" decoding=\"async\" width=\"20\" height=\"20\" src=\"https:\/\/www.lew-hoad.com\/wp-content\/uploads\/2019\/12\/phone-call.svg\" class=\"attachment-full size-full\" alt=\"\" srcset=\"https:\/\/www.lew-hoad.com\/wp-content\/uploads\/\/2019\/12\/phone-call.svg 150w, https:\/\/www.lew-hoad.com\/wp-content\/uploads\/\/2019\/12\/phone-call.svg 300w, https:\/\/www.lew-hoad.com\/wp-content\/uploads\/\/2019\/12\/phone-call.svg 1024w, https:\/\/www.lew-hoad.com\/wp-content\/uploads\/\/2019\/12\/phone-call.svg 1536w, https:\/\/www.lew-hoad.com\/wp-content\/uploads\/\/2019\/12\/phone-call.svg 650w, https:\/\/www.lew-hoad.com\/wp-content\/uploads\/\/2019\/12\/phone-call.svg 1300w, https:\/\/www.lew-hoad.com\/wp-content\/uploads\/\/2019\/12\/phone-call.svg 100w, https:\/\/www.lew-hoad.com\/wp-content\/uploads\/\/2019\/12\/phone-call.svg 20w\" sizes=\"auto, (max-width: 20px) 100vw, 20px\" \/>\t\t\t\t\t\t\t\t<\/a>\n\t\t\t<\/div>\n\t<div class=\"eltdf-iwt-content\" >\n\t\t\t\t\t<h3 class=\"eltdf-iwt-title\" style=\"color: #baaa70;margin-top: -6px\">\n\t\t\t\t\t\t\t\t\t<a itemprop=\"url\" href=\"tel:34952474858\" target=\"_self\">\n\t\t\t\t\t\t\t\t<span class=\"eltdf-iwt-title-text\">Recepci\u00f3n<\/span>\n\t\t\t\t\t\t\t\t\t<\/a>\n\t\t\t\t\t\t\t<\/h3>\n\t\t\t        <span class=\"eltdf-iwt-subtitle\" >+34 952 47 48 58<\/span>\n\t\t\t\t<\/div>\n<\/div>[vc_empty_space height=\u00bb12px\u00bb]<div class=\"eltdf-iwt clearfix titulo-contacto eltdf-iwt-icon-left eltdf-iwt-icon-medium\">\n\t<div class=\"eltdf-iwt-icon\">\n\t\t\t\t\t<a itemprop=\"url\" href=\"tel:34952467673\" target=\"_self\">\n\t\t\t\t\t\t\t\t\t<img loading=\"lazy\" decoding=\"async\" width=\"20\" height=\"20\" src=\"https:\/\/www.lew-hoad.com\/wp-content\/uploads\/2019\/12\/phone-call.svg\" class=\"attachment-full size-full\" alt=\"\" srcset=\"https:\/\/www.lew-hoad.com\/wp-content\/uploads\/\/2019\/12\/phone-call.svg 150w, https:\/\/www.lew-hoad.com\/wp-content\/uploads\/\/2019\/12\/phone-call.svg 300w, https:\/\/www.lew-hoad.com\/wp-content\/uploads\/\/2019\/12\/phone-call.svg 1024w, https:\/\/www.lew-hoad.com\/wp-content\/uploads\/\/2019\/12\/phone-call.svg 1536w, https:\/\/www.lew-hoad.com\/wp-content\/uploads\/\/2019\/12\/phone-call.svg 650w, https:\/\/www.lew-hoad.com\/wp-content\/uploads\/\/2019\/12\/phone-call.svg 1300w, https:\/\/www.lew-hoad.com\/wp-content\/uploads\/\/2019\/12\/phone-call.svg 100w, https:\/\/www.lew-hoad.com\/wp-content\/uploads\/\/2019\/12\/phone-call.svg 20w\" sizes=\"auto, (max-width: 20px) 100vw, 20px\" \/>\t\t\t\t\t\t\t\t<\/a>\n\t\t\t<\/div>\n\t<div class=\"eltdf-iwt-content\" >\n\t\t\t\t\t<h3 class=\"eltdf-iwt-title\" style=\"color: #baaa70;margin-top: -6px\">\n\t\t\t\t\t\t\t\t\t<a itemprop=\"url\" href=\"tel:34952467673\" target=\"_self\">\n\t\t\t\t\t\t\t\t<span class=\"eltdf-iwt-title-text\">Restaurante<\/span>\n\t\t\t\t\t\t\t\t\t<\/a>\n\t\t\t\t\t\t\t<\/h3>\n\t\t\t        <span class=\"eltdf-iwt-subtitle\" >+34 952 46 76 73<\/span>\n\t\t\t\t<\/div>\n<\/div>[vc_empty_space height=\u00bb12px\u00bb]<div class=\"eltdf-iwt clearfix  eltdf-iwt-icon-left eltdf-iwt-icon-medium\">\n\t<div class=\"eltdf-iwt-icon\">\n\t\t\t\t\t\t\t\t\t<img loading=\"lazy\" decoding=\"async\" width=\"19\" height=\"14\" src=\"https:\/\/www.lew-hoad.com\/wp-content\/uploads\/2019\/12\/envelope.svg\" class=\"attachment-full size-full\" alt=\"\" \/>\t\t\t\t\t\t<\/div>\n\t<div class=\"eltdf-iwt-content\" >\n\t\t\t\t\t<h3 class=\"eltdf-iwt-title\" style=\"margin-top: -6px\">\n\t\t\t\t\t\t\t\t<span class=\"eltdf-iwt-title-text\">info@lew-hoad.com<\/span>\n\t\t\t\t\t\t\t<\/h3>\n\t\t\t\t\t\t<\/div>\n<\/div>[\/vc_column_inner][\/vc_row_inner][\/vc_column][vc_column offset=\u00bbvc_col-lg-offset-0 vc_col-lg-6 vc_col-md-12&#8243; css=\u00bb.vc_custom_1575454723154{padding-bottom: 30px !important;}\u00bb][vc_empty_space height=\u00bb30px\u00bb][vc_raw_html]JTVCd3NfZm9ybSUyMGlkJTNEJTIyMSUyMiU1RA==[\/vc_raw_html][vc_empty_space height=\u00bb14px\u00bb][\/vc_column][\/vc_row][vc_row row_content_width=\u00bbgrid\u00bb css=\u00bb.vc_custom_1575461626719{margin-bottom: 10px !important;}\u00bb][vc_column][vc_gmaps link=\u00bb#E-8_JTNDaWZyYW1lJTIwc3JjJTNEJTIyaHR0cHMlM0ElMkYlMkZ3d3cuZ29vZ2xlLmNvbSUyRm1hcHMlMkZlbWJlZCUzRnBiJTNEJTIxMW0xOCUyMTFtMTIlMjExbTMlMjExZDMyMDQuMzM2OTUxMjc2MzIxJTIxMmQtNC42MzIzNTM3ODQyOTIxNzMlMjEzZDM2LjU3MDA5NzE3OTk5NjY0JTIxMm0zJTIxMWYwJTIxMmYwJTIxM2YwJTIxM20yJTIxMWkxMDI0JTIxMmk3NjglMjE0ZjEzLjElMjEzbTMlMjExbTIlMjExczB4ZDcyZTNjZWM3NmIyZDAxJTI1M0EweGRmMWIxMzNkOWU3OWEyZDclMjEyc0NhbXBvJTI1MjBkZSUyNTIwVGVuaXMlMjUyMHklMjUyMFBhZGVsJTI1MjBMZXclMjUyMEhvYWQlMjE1ZTAlMjEzbTIlMjExc2VzJTIxMnNlcyUyMTR2MTU3NTQ1NzYwMDA2NCUyMTVtMiUyMTFzZXMlMjEyc2VzJTIyJTIwd2lkdGglM0QlMjI2MDAlMjIlMjBoZWlnaHQlM0QlMjI0NTAlMjIlMjBmcmFtZWJvcmRlciUzRCUyMjAlMjIlMjBzdHlsZSUzRCUyMmJvcmRlciUzQTAlM0IlMjIlMjBhbGxvd2Z1bGxzY3JlZW4lM0QlMjIlMjIlM0UlM0MlMkZpZnJhbWUlM0U=\u00bb][\/vc_column][\/vc_row]<\/p>\n<\/section>","protected":false},"excerpt":{"rendered":"<p>[vc_row][vc_column][vc_empty_space height=\u00bb50px\u00bb][\/vc_column][\/vc_row][vc_row equal_height=\u00bbyes\u00bb content_placement=\u00bbmiddle\u00bb row_content_width=\u00bbgrid\u00bb css=\u00bb.vc_custom_1575455042681{padding-top: 53px !important;padding-bottom: 103px !important;}\u00bb][vc_column offset=\u00bbvc_col-lg-offset-0 vc_col-lg-6 vc_col-md-12&#8243; css=\u00bb.vc_custom_1543223670112{padding-top: 15px !important;padding-bottom: 30px !important;}\u00bb][vc_row_inner][vc_column_inner offset=\u00bbvc_col-lg-11&#8243;][\/vc_column_inner][\/vc_row_inner][vc_empty_space height=\u00bb14px\u00bb][vc_row_inner][vc_column_inner][vc_empty_space height=\u00bb16px\u00bb][vc_empty_space height=\u00bb17px\u00bb][vc_empty_space height=\u00bb12px\u00bb][vc_empty_space height=\u00bb12px\u00bb][\/vc_column_inner][\/vc_row_inner][\/vc_column][vc_column offset=\u00bbvc_col-lg-offset-0 vc_col-lg-6 vc_col-md-12&#8243; css=\u00bb.vc_custom_1575454723154{padding-bottom: 30px !important;}\u00bb][vc_empty_space height=\u00bb30px\u00bb][vc_raw_html]JTVCd3NfZm9ybSUyMGlkJTNEJTIyMSUyMiU1RA==[\/vc_raw_html][vc_empty_space height=\u00bb14px\u00bb][\/vc_column][\/vc_row][vc_row row_content_width=\u00bbgrid\u00bb css=\u00bb.vc_custom_1575461626719{margin-bottom: 10px !important;}\u00bb][vc_column][vc_gmaps link=\u00bb#E-8_JTNDaWZyYW1lJTIwc3JjJTNEJTIyaHR0cHMlM0ElMkYlMkZ3d3cuZ29vZ2xlLmNvbSUyRm1hcHMlMkZlbWJlZCUzRnBiJTNEJTIxMW0xOCUyMTFtMTIlMjExbTMlMjExZDMyMDQuMzM2OTUxMjc2MzIxJTIxMmQtNC42MzIzNTM3ODQyOTIxNzMlMjEzZDM2LjU3MDA5NzE3OTk5NjY0JTIxMm0zJTIxMWYwJTIxMmYwJTIxM2YwJTIxM20yJTIxMWkxMDI0JTIxMmk3NjglMjE0ZjEzLjElMjEzbTMlMjExbTIlMjExczB4ZDcyZTNjZWM3NmIyZDAxJTI1M0EweGRmMWIxMzNkOWU3OWEyZDclMjEyc0NhbXBvJTI1MjBkZSUyNTIwVGVuaXMlMjUyMHklMjUyMFBhZGVsJTI1MjBMZXclMjUyMEhvYWQlMjE1ZTAlMjEzbTIlMjExc2VzJTIxMnNlcyUyMTR2MTU3NTQ1NzYwMDA2NCUyMTVtMiUyMTFzZXMlMjEyc2VzJTIyJTIwd2lkdGglM0QlMjI2MDAlMjIlMjBoZWlnaHQlM0QlMjI0NTAlMjIlMjBmcmFtZWJvcmRlciUzRCUyMjAlMjIlMjBzdHlsZSUzRCUyMmJvcmRlciUzQTAlM0IlMjIlMjBhbGxvd2Z1bGxzY3JlZW4lM0QlMjIlMjIlM0UlM0MlMkZpZnJhbWUlM0U=\u00bb][\/vc_column][\/vc_row]<\/p>\n","protected":false},"author":1,"featured_media":0,"parent":0,"menu_order":0,"comment_status":"closed","ping_status":"closed","template":"full-width.php","meta":{"footnotes":""},"class_list":["post-2409","page","type-page","status-publish","hentry"],"_links":{"self":[{"href":"https:\/\/www.lew-hoad.com\/es\/wp-json\/wp\/v2\/pages\/2409","targetHints":{"allow":["GET"]}}],"collection":[{"href":"https:\/\/www.lew-hoad.com\/es\/wp-json\/wp\/v2\/pages"}],"about":[{"href":"https:\/\/www.lew-hoad.com\/es\/wp-json\/wp\/v2\/types\/page"}],"author":[{"embeddable":true,"href":"https:\/\/www.lew-hoad.com\/es\/wp-json\/wp\/v2\/users\/1"}],"replies":[{"embeddable":true,"href":"https:\/\/www.lew-hoad.com\/es\/wp-json\/wp\/v2\/comments?post=2409"}],"version-history":[{"count":5,"href":"https:\/\/www.lew-hoad.com\/es\/wp-json\/wp\/v2\/pages\/2409\/revisions"}],"predecessor-version":[{"id":8755,"href":"https:\/\/www.lew-hoad.com\/es\/wp-json\/wp\/v2\/pages\/2409\/revisions\/8755"}],"wp:attachment":[{"href":"https:\/\/www.lew-hoad.com\/es\/wp-json\/wp\/v2\/media?parent=2409"}],"curies":[{"name":"wp","href":"https:\/\/api.w.org\/{rel}","templated":true}]}}