
{"id":6256,"date":"2019-12-03T14:29:44","date_gmt":"2019-12-03T14:29:44","guid":{"rendered":"https:\/\/lewhoad.sebserver.com\/?page_id=6256"},"modified":"2025-01-09T15:26:13","modified_gmt":"2025-01-09T15:26:13","slug":"padel","status":"publish","type":"page","link":"https:\/\/www.lew-hoad.com\/es\/padel\/","title":{"rendered":"Padel"},"content":{"rendered":"<section class=\"wpb-content-wrapper\"><p>[vc_row][vc_column css=\u00bb.vc_custom_1544011382604{margin-top: -5px !important;}\u00bb]\n\t\t\t<!-- START Padel REVOLUTION SLIDER 6.6.14 --><p class=\"rs-p-wp-fix\"><\/p>\n\t\t\t<rs-module-wrap id=\"rev_slider_32_1_wrapper\" data-source=\"gallery\" style=\"visibility:hidden;background:transparent;padding:0;margin:0px auto;margin-top:0;margin-bottom:0;\">\n\t\t\t\t<rs-module id=\"rev_slider_32_1\" style=\"\" data-version=\"6.6.14\">\n\t\t\t\t\t<rs-slides style=\"overflow: hidden; position: absolute;\">\n\t\t\t\t\t\t<rs-slide style=\"position: absolute;\" data-key=\"rs-62\" data-title=\"Slide\" data-anim=\"adpr:false;\">\n\t\t\t\t\t\t\t<img decoding=\"async\" src=\"\/\/www.lew-hoad.com\/wp-content\/plugins\/revslider\/public\/assets\/assets\/dummy.png\" alt=\"\" title=\"Padel\" class=\"rev-slidebg tp-rs-img rs-lazyload\" data-lazyload=\"\/\/lew-hoad.com\/wp-content\/uploads\/2020\/01\/foto_top_banner_paddle.jpg\" data-panzoom=\"d:10000;e:power2.out;ss:100;se:115;\" data-no-retina>\n<!--\n\t\t\t\t\t\t\t--><rs-layer\n\t\t\t\t\t\t\t\tid=\"slider-32-slide-62-layer-2\" \n\t\t\t\t\t\t\t\tclass=\"tp-shape tp-shapewrapper\"\n\t\t\t\t\t\t\t\tdata-type=\"shape\"\n\t\t\t\t\t\t\t\tdata-rsp_ch=\"on\"\n\t\t\t\t\t\t\t\tdata-xy=\"xo:-310px,-310px,-514px,-514px;yo:-151px,-151px,-153px,-153px;\"\n\t\t\t\t\t\t\t\tdata-text=\"a:inherit;\"\n\t\t\t\t\t\t\t\tdata-dim=\"w:1893px;h:1717,1717,1717px,1717px;\"\n\t\t\t\t\t\t\t\tdata-frame_0=\"tp:600;\"\n\t\t\t\t\t\t\t\tdata-frame_1=\"tp:600;sR:10;\"\n\t\t\t\t\t\t\t\tdata-frame_999=\"o:0;tp:600;st:w;sR:8690;\"\n\t\t\t\t\t\t\t\tstyle=\"z-index:5;background-color:rgba(0,0,0,0.5);\"\n\t\t\t\t\t\t\t> \n\t\t\t\t\t\t\t<\/rs-layer><!--\n\n\t\t\t\t\t\t\t--><rs-layer\n\t\t\t\t\t\t\t\tid=\"slider-32-slide-62-layer-1\" \n\t\t\t\t\t\t\t\tdata-type=\"text\"\n\t\t\t\t\t\t\t\tdata-rsp_ch=\"on\"\n\t\t\t\t\t\t\t\tdata-xy=\"x:c;y:m;\"\n\t\t\t\t\t\t\t\tdata-text=\"s:58;l:58;ls:2px;fw:300;a:inherit;\"\n\t\t\t\t\t\t\t\tdata-frame_0=\"tp:600;\"\n\t\t\t\t\t\t\t\tdata-frame_1=\"tp:600;st:1720;sp:1460;sR:1720;\"\n\t\t\t\t\t\t\t\tdata-frame_999=\"o:0;tp:600;st:w;sR:5820;\"\n\t\t\t\t\t\t\t\tstyle=\"z-index:6;font-family:'Cormorant';font-style:italic;\"\n\t\t\t\t\t\t\t>Padel \n\t\t\t\t\t\t\t<\/rs-layer><!--\n-->\t\t\t\t\t\t<\/rs-slide>\n\t\t\t\t\t<\/rs-slides>\n\t\t\t\t<\/rs-module>\n\t\t\t\t<script>\n\t\t\t\t\tsetREVStartSize({c: 'rev_slider_32_1',rl:[1240,1024,778,778],el:[],gw:[1300,1100,600,600],gh:[750,600,600,600],type:'standard',justify:'',layout:'fullwidth',mh:\"0\"});if (window.RS_MODULES!==undefined && window.RS_MODULES.modules!==undefined && window.RS_MODULES.modules[\"revslider321\"]!==undefined) {window.RS_MODULES.modules[\"revslider321\"].once = false;window.revapi32 = undefined;if (window.RS_MODULES.checkMinimal!==undefined) window.RS_MODULES.checkMinimal()}\n\t\t\t\t<\/script>\n\t\t\t<\/rs-module-wrap>\n\t\t\t<!-- END REVOLUTION SLIDER -->\n[\/vc_column][\/vc_row][vc_row row_content_width=\u00bbgrid\u00bb css=\u00bb.vc_custom_1575380585076{margin-top: 100px !important;margin-bottom: 100px !important;padding-right: 5% !important;padding-left: 5% !important;}\u00bb][vc_column][vc_column_text]<\/p>\n<p class=\"special-text\" style=\"text-align: center;\">Nuestro Club dispone de 6 fant\u00e1sticas pistas de padel de cristal de \u00faltima generaci\u00f3n, iluminadas y con suelo de c\u00e9sped artificial. Rodeadas por un anfiteatro, son el lugar ideal para la celebraci\u00f3n de torneos o para disfrutar de un partido mientras tomas un refrigerio.<\/p>\n<p>[\/vc_column_text][\/vc_column][\/vc_row][vc_row simple_background_color=\u00bb#f8f7f0&#8243; css=\u00bb.vc_custom_1575304347743{padding-top: 60px !important;padding-bottom: 100px !important;}\u00bb][vc_column][vc_row_inner][vc_column_inner][vc_empty_space height=\u00bb50px\u00bb]<div class=\"eltdf-section-title-holder  eltdf-st-standard  \" style=\"text-align: center\">\n\t<div class=\"eltdf-st-inner\">\n        <div class=\"eltdf-st-image\" >\n                    <\/div>\n\t\t\t\t\t<h2 class=\"eltdf-st-title\" >\n\t\t\t\t<span class=\"eltdf-st-title-word\">Alquiler<\/span> <span class=\"eltdf-st-title-word\">de<\/span> <span class=\"eltdf-st-title-word\">Pistas<\/span>\t\t\t<\/h2>\n\t\t\t\t\t<\/div>\n<\/div>[vc_empty_space height=\u00bb50px\u00bb][\/vc_column_inner][\/vc_row_inner][vc_row_inner row_content_width=\u00bbgrid\u00bb css=\u00bb.vc_custom_1575303705159{padding-right: 7% !important;padding-left: 7% !important;}\u00bb][vc_column_inner width=\u00bb1\/3&#8243;]<div class=\"eltdf-ib clearfix padel-box shadow-enabled\" >\n\t<div class=\"eltdf-ib-icon\">\n        \t<\/div>\n\t<div class=\"eltdf-ib-content\" >\n\t\t\t\t\t<h3 class=\"eltdf-ib-title\" >\n\t\t\t\t<span class=\"eltdf-ib-title-text\">Lunes a Viernes<\/span>\n\t\t\t<\/h3>\n\t\t\t\t\t\t\t<p class=\"eltdf-ib-text\" ><b>9:00h a 17:00h<\/b><br \/>\n12\u20ac\/h<\/p>\n\t\t\t\t\t<\/div>\n<\/div>[vc_empty_space height=\u00bb20px\u00bb][\/vc_column_inner][vc_column_inner width=\u00bb1\/3&#8243;]<div class=\"eltdf-ib clearfix padel-box shadow-enabled\" >\n\t<div class=\"eltdf-ib-icon\">\n        \t<\/div>\n\t<div class=\"eltdf-ib-content\" >\n\t\t\t\t\t<h3 class=\"eltdf-ib-title\" >\n\t\t\t\t<span class=\"eltdf-ib-title-text\">Lunes a Viernes<\/span>\n\t\t\t<\/h3>\n\t\t\t\t\t\t\t<p class=\"eltdf-ib-text\" ><b>17:00h a 22:00h<\/b><br \/>\n18\u20ac\/h<\/p>\n\t\t\t\t\t<\/div>\n<\/div>[vc_empty_space height=\u00bb20px\u00bb][\/vc_column_inner][vc_column_inner width=\u00bb1\/3&#8243;]<div class=\"eltdf-ib clearfix padel-box shadow-enabled\" >\n\t<div class=\"eltdf-ib-icon\">\n        \t<\/div>\n\t<div class=\"eltdf-ib-content\" >\n\t\t\t\t\t<h3 class=\"eltdf-ib-title\" >\n\t\t\t\t<span class=\"eltdf-ib-title-text\">S\u00e1bado, Domingo y Festivos<\/span>\n\t\t\t<\/h3>\n\t\t\t\t\t\t\t<p class=\"eltdf-ib-text\" ><b>9:00h a 15:00h<\/b><br \/>\n14\u20ac\/h<\/p>\n\t\t\t\t\t<\/div>\n<\/div>[\/vc_column_inner][\/vc_row_inner][\/vc_column][\/vc_row][vc_row css=\u00bb.vc_custom_1575385286080{margin-top: 10px !important;background-image: url(https:\/\/lew-hoad.com\/wp-content\/uploads\/2019\/12\/69381556_1159806900880902_5510336469744484352_o.jpg?id=6263) !important;background-position: center !important;background-repeat: no-repeat !important;background-size: cover !important;}\u00bb][vc_column][vc_empty_space height=\u00bb80px\u00bb][vc_row_inner equal_height=\u00bbyes\u00bb row_content_width=\u00bbgrid\u00bb css=\u00bb.vc_custom_1575371944425{padding-top: 5% !important;padding-right: 5% !important;padding-left: 5% !important;background-color: rgba(0,0,0,0.4) !important;*background-color: rgb(0,0,0) !important;}\u00bb][vc_column_inner width=\u00bb1\/3&#8243;][vc_column_text]<\/p>\n<div class=\"boton-clases\"><a class=\"bonos-clases\" href=\"#\">Bonos<br \/>\nDe Clases<\/a><\/div>\n<p>[\/vc_column_text][\/vc_column_inner][vc_column_inner width=\u00bb1\/3&#8243;][vc_column_text]<\/p>\n<div class=\"boton-clases\"><a class=\"clases-para-adultos\" href=\"#\">Clases<br \/>\nPara Adultos<\/a><\/div>\n<p>[\/vc_column_text][\/vc_column_inner][vc_column_inner width=\u00bb1\/3&#8243;][vc_column_text]<\/p>\n<div class=\"boton-clases\"><a class=\"clases-para-ninos\" href=\"#\">Clases<br \/>\nPara Ni\u00f1os<\/a><\/div>\n<p>[\/vc_column_text][\/vc_column_inner][\/vc_row_inner][vc_row_inner equal_height=\u00bbyes\u00bb row_content_width=\u00bbgrid\u00bb css=\u00bb.vc_custom_1575372862252{background-color: rgba(0,0,0,0.4) !important;*background-color: rgb(0,0,0) !important;}\u00bb el_class=\u00bbrow-clases\u00bb][vc_column_inner][vc_column_text]<\/p>\n<p class=\"special-text\" style=\"text-align: center;\"><span style=\"color: #ffffff;\">Contamos con un equipo de profesionales del padel, que ofrecen<br \/>\nun extenso programa de clases privadas, individuales o en grupo, tanto para ni\u00f1os como para adultos de todos los niveles (iniciaci\u00f3n, perfeccionamiento y competici\u00f3n).<\/span><\/p>\n<p>[\/vc_column_text][\/vc_column_inner][\/vc_row_inner][vc_row_inner row_content_width=\u00bbgrid\u00bb css=\u00bb.vc_custom_1575370098826{padding-bottom: 5% !important;background-color: rgba(0,0,0,0.4) !important;*background-color: rgb(0,0,0) !important;}\u00bb][vc_column_inner][vc_btn title=\u00bbInscripci\u00f3n Escuela de Padel\u00bb style=\u00bbclassic\u00bb color=\u00bbdefault\u00bb align=\u00bbcenter\u00bb link=\u00bb|||\u00bb el_class=\u00bbinscription-paddle\u00bb][\/vc_column_inner][\/vc_row_inner][vc_empty_space height=\u00bb80px\u00bb][\/vc_column][\/vc_row][vc_row row_content_width=\u00bbgrid\u00bb css=\u00bb.vc_custom_1575385956687{margin-top: 10px !important;padding-top: 65px !important;}\u00bb simple_background_color=\u00bb#f8f7f0&#8243;][vc_column css=\u00bb.vc_custom_1574678523007{padding-top: 50px !important;}\u00bb]<div class=\"eltdf-section-title-holder  eltdf-st-standard  \" >\n\t<div class=\"eltdf-st-inner\">\n        <div class=\"eltdf-st-image\" style=\"margin-bottom: -35px\">\n                    <\/div>\n\t\t\t\t\t<h2 class=\"eltdf-st-title\" >\n\t\t\t\t<span class=\"eltdf-st-title-word\">Mix<\/span> <span class=\"eltdf-st-title-word\">-<\/span> <span class=\"eltdf-st-title-word\">Ins<\/span> <span class=\"eltdf-st-title-word\">y<\/span> <span class=\"eltdf-st-title-word\">torneos<\/span>\t\t\t<\/h2>\n\t\t\t\t\t<\/div>\n<\/div>[vc_row_inner equal_height=\u00bbyes\u00bb gap=\u00bb35&#8243; row_content_width=\u00bbgrid\u00bb content_text_aligment=\u00bbcenter\u00bb css=\u00bb.vc_custom_1574690383609{padding-top: 3% !important;padding-bottom: 5% !important;}\u00bb][vc_column_inner width=\u00bb1\/2&#8243; css=\u00bb.vc_custom_1575284292543{padding-top: 20px !important;padding-right: 7% !important;padding-bottom: 80px !important;padding-left: 7% !important;background-color: #ffffff !important;}\u00bb][vc_column_text css=\u00bb.vc_custom_1575385542563{padding-bottom: 20px !important;}\u00bb]<\/p>\n<h3 style=\"text-align: center;\">MIX &#8211; INS PADEL<\/h3>\n<p>[\/vc_column_text]<div class=\"eltdf-separator-holder clearfix  eltdf-separator-center \">\n\t<div class=\"eltdf-separator\" style=\"border-color: #baaa70;width: 100%;border-bottom-width: 1px\"><\/div>\n<\/div>\n[vc_column_text css=\u00bb.vc_custom_1736436103094{padding-top: 20px !important;padding-bottom: 20px !important;}\u00bb]<\/p>\n<p style=\"text-align: center;\">Masculinos, femeninos y mixtos, a lo largo de la semana. Incluimos organizaci\u00f3n, bolas y regalos.<\/p>\n<p style=\"text-align: center;\"><span style=\"color: #baab70;\">HORARIOS<\/span><\/p>\n<p style=\"text-align: center;\">Lunes: 20:30 a 22:30<\/p>\n<p style=\"text-align: center;\">S\u00e1bado y Domingo<br \/>\n10:00 a 12:00<\/p>\n<p style=\"text-align: center;\"><em><span style=\"color: #baab70;\">9,50\u20ac<br \/>\nP\/Persona<\/span><\/em><\/p>\n<p>[\/vc_column_text][vc_empty_space height=\u00bb115px\u00bb][vc_btn title=\u00bbInscripci\u00f3n\u00bb style=\u00bbclassic\u00bb color=\u00bbdefault\u00bb align=\u00bbcenter\u00bb el_class=\u00bb.suscription-paddle-mixins\u00bb][\/vc_column_inner][vc_column_inner width=\u00bb1\/2&#8243; css=\u00bb.vc_custom_1575284306222{padding-top: 20px !important;padding-right: 7% !important;padding-bottom: 80px !important;padding-left: 7% !important;background-color: #ffffff !important;}\u00bb][vc_column_text css=\u00bb.vc_custom_1575385553795{padding-bottom: 20px !important;}\u00bb]<\/p>\n<h3 style=\"text-align: center;\">TORNEOS DE PADEL<\/h3>\n<p>[\/vc_column_text]<div class=\"eltdf-separator-holder clearfix  eltdf-separator-center \">\n\t<div class=\"eltdf-separator\" style=\"border-color: #baaa70;width: 100%;border-bottom-width: 1px\"><\/div>\n<\/div>\n[vc_column_text css=\u00bb.vc_custom_1575385770197{padding-top: 20px !important;padding-bottom: 20px !important;}\u00bb]<\/p>\n<p style=\"text-align: center;\">Ponemos nuestras instalaciones a disposici\u00f3n de empresas y particulares que quieran organizar eventos deportivos, desde torneos privados hasta torneos personalizados de primer nivel.<\/p>\n<p style=\"text-align: center;\"><span style=\"color: #baab70;\">DISPONDR\u00c1N DE:<\/span><\/p>\n<p style=\"text-align: center;\">6 Pistas de padel<br \/>\nCerradas con cristal de \u00faltima generaci\u00f3n<\/p>\n<p style=\"text-align: center;\">Excelente iluminaci\u00f3n<\/p>\n<p style=\"text-align: center;\">Con suelo artificial<\/p>\n<p style=\"text-align: center;\">Boutique con ropa y accesorios<\/p>\n<p>[\/vc_column_text][vc_empty_space height=\u00bb80px\u00bb][vc_btn title=\u00bbVer Calendario en PDF\u00bb style=\u00bbclassic\u00bb color=\u00bbdefault\u00bb align=\u00bbcenter\u00bb link=\u00bburl:%2Fcontacto|||\u00bb][\/vc_column_inner][\/vc_row_inner][\/vc_column][\/vc_row][vc_row css=\u00bb.vc_custom_1575380973364{margin-top: 10px !important;margin-bottom: 10px !important;padding-top: 0px !important;}\u00bb][vc_column css=\u00bb.vc_custom_1575380952963{padding-top: 0px !important;}\u00bb][vc_row_inner equal_height=\u00bbyes\u00bb css=\u00bb.vc_custom_1575380861113{margin-top: 0px !important;padding-top: 0px !important;}\u00bb][vc_column_inner width=\u00bb1\/2&#8243; css=\u00bb.vc_custom_1579014426335{margin-top: 0px !important;padding-top: 0px !important;background-image: url(https:\/\/lew-hoad.com\/wp-content\/uploads\/2020\/01\/foto_contacto@2x.jpg?id=6433) !important;background-position: center !important;background-repeat: no-repeat !important;background-size: cover !important;}\u00bb][\/vc_column_inner][vc_column_inner width=\u00bb1\/2&#8243; css=\u00bb.vc_custom_1575380880809{margin-top: 0px !important;padding-top: 80px !important;padding-right: 10% !important;padding-bottom: 80px !important;padding-left: 10% !important;}\u00bb]<div class=\"eltdf-section-title-holder  eltdf-st-standard  \" style=\"text-align: center\">\n\t<div class=\"eltdf-st-inner\">\n        <div class=\"eltdf-st-image\" >\n                    <\/div>\n\t\t\t\t\t<h2 class=\"eltdf-st-title\" >\n\t\t\t\t<span class=\"eltdf-st-title-word\">Contacta<\/span> <span class=\"eltdf-st-title-word\">con<\/span> <span class=\"eltdf-st-title-word\">nosotros<\/span>\t\t\t<\/h2>\n\t\t\t\t\t<\/div>\n<\/div>[vc_empty_space][vc_column_text]<form action=\"https:\/\/www.lew-hoad.com\/es\/wp-json\/ws-form\/v1\/submit\" class=\"wsf-form wsf-form-canvas\" id=\"ws-form-1\" data-id=\"1\" method=\"POST\" data-instance-id=\"1\" data-wsf-style-id=\"1\"><\/form>[\/vc_column_text][\/vc_column_inner][\/vc_row_inner][\/vc_column][\/vc_row][vc_row][vc_column][vc_empty_space height=\u00bb10px\u00bb][\/vc_column][\/vc_row]<\/p>\n<\/section>","protected":false},"excerpt":{"rendered":"<p>[vc_row][vc_column css=\u00bb.vc_custom_1544011382604{margin-top: -5px !important;}\u00bb][\/vc_column][\/vc_row][vc_row row_content_width=\u00bbgrid\u00bb css=\u00bb.vc_custom_1575380585076{margin-top: 100px !important;margin-bottom: 100px !important;padding-right: 5% !important;padding-left: 5% !important;}\u00bb][vc_column][vc_column_text] Nuestro Club dispone de 6 fant\u00e1sticas pistas de padel de cristal de \u00faltima generaci\u00f3n, iluminadas y con suelo de c\u00e9sped artificial. Rodeadas por un anfiteatro, son el lugar ideal para la celebraci\u00f3n de torneos o para disfrutar de un partido mientras tomas un refrigerio. [\/vc_column_text][\/vc_column][\/vc_row][vc_row simple_background_color=\u00bb#f8f7f0&#8243; css=\u00bb.vc_custom_1575304347743{padding-top: 60px !important;padding-bottom: 100px !important;}\u00bb][vc_column][vc_row_inner][vc_column_inner][vc_empty_space [&hellip;]<\/p>\n","protected":false},"author":1,"featured_media":0,"parent":0,"menu_order":0,"comment_status":"closed","ping_status":"closed","template":"full-width.php","meta":{"footnotes":""},"class_list":["post-6256","page","type-page","status-publish","hentry"],"_links":{"self":[{"href":"https:\/\/www.lew-hoad.com\/es\/wp-json\/wp\/v2\/pages\/6256","targetHints":{"allow":["GET"]}}],"collection":[{"href":"https:\/\/www.lew-hoad.com\/es\/wp-json\/wp\/v2\/pages"}],"about":[{"href":"https:\/\/www.lew-hoad.com\/es\/wp-json\/wp\/v2\/types\/page"}],"author":[{"embeddable":true,"href":"https:\/\/www.lew-hoad.com\/es\/wp-json\/wp\/v2\/users\/1"}],"replies":[{"embeddable":true,"href":"https:\/\/www.lew-hoad.com\/es\/wp-json\/wp\/v2\/comments?post=6256"}],"version-history":[{"count":5,"href":"https:\/\/www.lew-hoad.com\/es\/wp-json\/wp\/v2\/pages\/6256\/revisions"}],"predecessor-version":[{"id":10095,"href":"https:\/\/www.lew-hoad.com\/es\/wp-json\/wp\/v2\/pages\/6256\/revisions\/10095"}],"wp:attachment":[{"href":"https:\/\/www.lew-hoad.com\/es\/wp-json\/wp\/v2\/media?parent=6256"}],"curies":[{"name":"wp","href":"https:\/\/api.w.org\/{rel}","templated":true}]}}