
{"id":7028,"date":"2020-02-06T14:53:03","date_gmt":"2020-02-06T14:53:03","guid":{"rendered":"https:\/\/lew-hoad.com\/terms-and-conditions\/"},"modified":"2021-05-21T07:08:07","modified_gmt":"2021-05-21T07:08:07","slug":"terminos-y-condiciones","status":"publish","type":"page","link":"https:\/\/www.lew-hoad.com\/es\/terminos-y-condiciones\/","title":{"rendered":"T\u00e9rminos y Condiciones"},"content":{"rendered":"<section class=\"wpb-content-wrapper\"><p>[vc_section el_class=\u00bbgdpr-container\u00bb][vc_row][vc_column][vc_column_text]<\/p>\n<h1>T\u00e9rminos y Condiciones<\/h1>\n<p>[\/vc_column_text][\/vc_column][\/vc_row][vc_row][vc_column][vc_column_text]<\/p>\n<div class=\"gdpr-styles\">\n<h2>T\u00c9RMINOS Y CONDICIONES<\/h2>\n<h4>OBJETO<\/h4>\n<p>Las presentes Condiciones Generales de Uso, Pol\u00edtica de Privacidad y Venta (en adelante, las \u00abCondiciones Generales\u00bb) regulan el uso del sitio web <a href=\"https:\/\/www.lew-hoad.com\" target=\"_blank\" rel=\"noopener noreferrer\">lew-hoad.com<\/a> (en adelante, el Sitio Web) que Rios y Segura,CB. (en adelante \u00abLew Hoad\u00bb), pone a disposici\u00f3n de las personas que accedan a su Sitio Web con el fin de proporcionales informaci\u00f3n sobre productos y servicios, propios y\/o de terceros colaboradores, y facilitarles el acceso a los mismos, as\u00ed como la contrataci\u00f3n de servicios y bienes por medio de la misma (todo ello denominado conjuntamente los \u00abServicios\u00bb).<\/p>\n<p>Lew Hoad, con domicilio social en Ctra. Mijas, km. 3.5, es titular del presente Sitio Web cuya utilizaci\u00f3n se regula mediante este documento, con CIF n\u00famero E92692367. Para contactar con Lew Hoad, puede utilizar la direcci\u00f3n de correo postal arriba indicada, as\u00ed como la direcci\u00f3n de correo electr\u00f3nica <a href=\"mailto:info@lew-hoad.com\">info@lew-hoad.com<\/a>.<\/p>\n<p>Por la propia naturaleza del Sitio Web, as\u00ed como de su contenido y finalidad, la pr\u00e1ctica totalidad de la navegaci\u00f3n que se puede llevar a cabo por el mismo ha de hacerse gozando de la condici\u00f3n de Cliente, la cual se adquiere seg\u00fan los procedimientos recogidos en la misma. Por lo tanto, la citada condici\u00f3n de Cliente supone la adhesi\u00f3n a las Condiciones Generales en la versi\u00f3n publicada en el momento en que se acceda al Sitio Web. Lew Hoad se reserva el derecho de modificar, en cualquier momento, la presentaci\u00f3n y configuraci\u00f3n del Sitio Web, as\u00ed como las presentes Condiciones Generales. Por ello, Lew Hoad recomienda al Cliente leer el mismo atentamente cada vez que acceda al Sitio Web.<\/p>\n<p>En cualquier caso, existen p\u00e1ginas del Sitio Web accesibles al p\u00fablico en general, respecto a las cuales Lew Hoad tambi\u00e9n desea cumplir con sus obligaciones legales, as\u00ed como regular el uso de las mismas. En este sentido, los usuarios que accedan a estas partes del Sitio Web aceptan quedar sometidos, por el hecho de acceder a las citadas p\u00e1ginas, por los t\u00e9rminos y condiciones recogidos en estas Condiciones Generales, en la medida que ello les pueda ser de aplicaci\u00f3n.<\/p>\n<p>Por \u00faltimo, por la naturaleza propia del presente Sitio Web, es posible que se modifiquen o incluyan cambios en el contenido de las presentes Condiciones Generales. Por esto, el Cliente, as\u00ed como otros usuarios que no gocen de esta condici\u00f3n, quedan obligados a acceder a las presente Condiciones Generales cada vez que accedan al Sitio Web, asumiendo que les ser\u00e1n de aplicaci\u00f3n las condiciones correspondientes que se encuentren vigentes en el momento de su acceso.<\/p>\n<h4>ACCESO Y SEGURIDAD<\/h4>\n<p>El acceso a los Servicios requiere el registro previo de los usuarios, una vez acepten las Condiciones Generales, pasando a ser considerados como Clientes.<\/p>\n<p>El identificador del Cliente estar\u00e1 compuesto por su direcci\u00f3n de correo electr\u00f3nico y una contrase\u00f1a. Para el acceso a la cuenta propia del Cliente, ser\u00e1 necesario la inclusi\u00f3n de este identificador, as\u00ed como de una contrase\u00f1a que deber\u00e1 contener como m\u00ednimo 4 caracteres.<\/p>\n<p>El uso de la contrase\u00f1a es personal e intransferible, no estando permitida la cesi\u00f3n, ni siquiera temporal, a terceros. En tal sentido, el Cliente se compromete a hacer un uso diligente y a mantener en secreto la misma, asumiendo toda responsabilidad por las consecuencias de su divulgaci\u00f3n a terceros.<\/p>\n<p>En el supuesto de que el Cliente conozca o sospeche del uso de su contrase\u00f1a por terceros, deber\u00e1 modificar la misma de forma inmediata, en el modo en que se recoge en el Sitio Web.<\/p>\n<h4>M\u00c9TODOS DE PAGO<\/h4>\n<h4>Pago con tarjeta<\/h4>\n<ul>\n<li>Las normas de compra se realizan por tarjeta bancaria. Las tarjetas bancarias aceptadas son: Visa y MasterCard. El precio de compra se cargar\u00e1 a la cuenta bancaria del cliente, dentro de los 4 d\u00edas a partir de la fecha del pedido y esto se considerar\u00e1 efectivo despu\u00e9s de la confirmaci\u00f3n de acuerdo con la cuenta bancaria de nuestro cliente.<\/li>\n<li>En el caso de que el TPV (Terminal de Punto de Venta) informe de la denegaci\u00f3n de la tarjeta, el pedido se cancelar\u00e1 autom\u00e1ticamente, informando al cliente de dicha cancelaci\u00f3n en l\u00ednea.<\/li>\n<\/ul>\n<h4>Transferencia Bancaria<\/h4>\n<p>Este m\u00e9todo de pago no tendr\u00e1 ning\u00fan costo para el cliente.<br \/>\nEl importe de las devoluciones se cargar\u00e1 a la cuenta indicada por el cliente.<br \/>\nPara realizar el pago de una factura, debe incluir:<\/p>\n<ul>\n<li>N\u00famero de factura<\/li>\n<li>Nombre de la persona que ingresa.<\/li>\n<li>Enviar comprobante de ingresos al correo electr\u00f3nico:<a href=\"mailto:info@lew-hoad.com\"> info@lew-hoad.com<\/a> enviando el recibo en el asunto.<\/li>\n<\/ul>\n<h4>Devoluciones<\/h4>\n<p>En caso de error en el pago o solicitud de devoluci\u00f3n del mismo, contacte con el n\u00famero +34 952 47 48 58.<\/p>\n<h4>SEGURIDAD<\/h4>\n<p>Por su seguridad, Lew Hoad ha confiado el sistema de pago con tarjeta de cr\u00e9dito a una pasarela de pago.<\/p>\n<p>Los datos bancarios ingresados se cifran y transmiten de manera segura a los servidores del banco y, posteriormente, se verifican con el banco emisor para evitar posibles fraudes y abusos.<\/p>\n<p>Este procedimiento de ingreso de datos est\u00e1 garantizado por la tecnolog\u00eda de encriptaci\u00f3n SSL (Secure Socker Layer) -128 bits, uno de los sistemas de protecci\u00f3n m\u00e1s avanzados y efectivos disponibles actualmente, gracias al cual ning\u00fan tercero tendr\u00e1 acceso a trav\u00e9s de Internet a esta informaci\u00f3n con respecto a los datos bancarios ingresados por el cliente.<\/p>\n<p>Solo el Banco tienen acceso a los datos bancarios vinculados a estos medios de pago, de modo que Lew Hoad no conoce ni registra esta informaci\u00f3n durante la transacci\u00f3n de pago.<\/p>\n<h4>UTILIZACI\u00d3N CORRECTA DE LOS SERVICIOS<\/h4>\n<p>El Cliente se obliga a usar los Servicios de forma diligente, correcta y l\u00edcita y, en particular, a t\u00edtulo meramente enunciativo y no limitativo, se compromete a abstenerse de:<\/p>\n<ul>\n<li>Utilizar los Servicios de forma, con fines o efectos contrarios a la ley, a la moral y a las buenas costumbres generalmente aceptadas o al orden p\u00fablico.<\/li>\n<li>Reproducir o copiar, distribuir, permitir el acceso del p\u00fablico a trav\u00e9s de cualquier modalidad de comunicaci\u00f3n p\u00fablica, transformar o modificar los Servicios, a menos que se cuente con la autorizaci\u00f3n del titular de los correspondientes derechos o ello resulte legalmente permitido.<\/li>\n<li>Realizar cualquier acto que pueda ser considerado una vulneraci\u00f3n de cualesquiera derechos de propiedad intelectual o industrial pertenecientes a Lew Hoad o a terceros.<\/li>\n<li>Emplear los Servicios y, en particular, la informaci\u00f3n de cualquier clase obtenida a trav\u00e9s del Sitio Web para remitir publicidad, comunicaciones con fines de venta directa o con cualquier otra clase de finalidad comercial, mensajes no solicitados dirigidos a una pluralidad de personas con independencia de su finalidad, as\u00ed como de comercializar o divulgar de cualquier modo dicha informaci\u00f3n.<\/li>\n<\/ul>\n<p>El Cliente responder\u00e1 de los da\u00f1os y perjuicios de toda naturaleza que Lew Hoad pueda sufrir, con ocasi\u00f3n o como consecuencia del incumplimiento de cualquiera de las obligaciones anteriormente expuestas as\u00ed como cualesquiera otras incluidas en las presentes Condiciones Generales y\/o las impuestas por la Ley en relaci\u00f3n con la utilizaci\u00f3n del Sitio Web.<\/p>\n<p>Lew Hoad velar\u00e1 en todo momento por el respeto del ordenamiento jur\u00eddico vigente, y estar\u00e1 legitimada para interrumpir, a su entera discreci\u00f3n, el Servicio o excluir al Cliente del Sitio Web en caso de presunta comisi\u00f3n, completa o incompleta, de alguno de los delitos o faltas tipificados por el C\u00f3digo Penal vigente, o en caso de observar cualesquiera conductas que a juicio de Lew Hoad resulten contrarias a estas Condiciones Generales, las Condiciones Generales de Contrataci\u00f3n que operan para este Sitio Web, la Ley, las normas establecidas por Lew Hoad o sus colaboradores o puedan perturbar el buen funcionamiento, imagen, credibilidad y\/o prestigio de Lew Hoad o sus colaboradores.<\/p>\n<h4>DERECHOS DE PROPIEDAD<\/h4>\n<p>Todos los contenidos del Sitio Web, tales como textos, gr\u00e1ficos, fotograf\u00edas, logotipos, iconos, im\u00e1genes, as\u00ed como el dise\u00f1o gr\u00e1fico, c\u00f3digo fuente y software, son de la exclusiva propiedad de Lew Hoad o de terceros, cuyos derechos al respecto ostenta leg\u00edtimamente Lew Hoad, estando por lo tanto protegidos por la legislaci\u00f3n nacional e internacional.<\/p>\n<p>Queda estrictamente prohibido la utilizaci\u00f3n de todos los elementos objeto de propiedad industrial e intelectual con fines comerciales as\u00ed como su distribuci\u00f3n, modificaci\u00f3n, alteraci\u00f3n o descompilaci\u00f3n.<\/p>\n<p>La infracci\u00f3n de cualquiera de los citados derechos puede constituir una vulneraci\u00f3n de las presentes disposiciones, as\u00ed como un delito castigado de acuerdo con los art\u00edculos 270 y siguientes del C\u00f3digo Penal.<\/p>\n<p>Aquellos Clientes que env\u00eden al Sitio Web observaciones, opiniones o comentarios por medio del servicio de correo electr\u00f3nico o por cualquier otro medio, en los casos en los que por la naturaleza de los Servicios ello sea posible, se entiende que autorizan a Lew Hoad para la reproducci\u00f3n, distribuci\u00f3n, comunicaci\u00f3n p\u00fablica, transformaci\u00f3n, y el ejercicio de cualquier otro derecho de explotaci\u00f3n, de tales observaciones, opiniones o comentarios, por todo el tiempo de protecci\u00f3n de derecho de autor que est\u00e9 previsto legalmente y sin limitaci\u00f3n territorial. Asimismo, se entiende que esta autorizaci\u00f3n se hace a t\u00edtulo gratuito.<\/p>\n<p>Las reclamaciones que pudieran interponerse por los Clientes en relaci\u00f3n con posibles incumplimientos de los derechos de propiedad intelectual o industrial sobre cualesquiera de los Servicios de este Sitio Web deber\u00e1n dirigirse a la siguiente direcci\u00f3n de correo electr\u00f3nico: <a href=\"mailto:info@lew-hoad.com\">info@lew-hoad.com<\/a>.<\/p>\n<h4>EXCLUSI\u00d3N DE GARANT\u00cdAS Y DE RESPONSABILIDAD<\/h4>\n<p>Con independencia de lo establecido en las Condiciones Generales de Contrataci\u00f3n relativas a la contrataci\u00f3n de bienes recogidas en el presente Sitio Web, Lew Hoad no se hace responsable de la veracidad, exactitud y calidad del presente Sitio Web, sus servicios, informaci\u00f3n y materiales. Dichos servicios, informaci\u00f3n y materiales son presentados \u00abtal cual\u00bb y son accesibles sin garant\u00edas de ninguna clase.<\/p>\n<p>Lew Hoad se reserva el derecho a interrumpir el acceso al Sitio Web, as\u00ed como la prestaci\u00f3n de cualquiera o de todos los Servicios que se prestan a trav\u00e9s del mismo en cualquier momento y sin previo aviso, ya sea por motivos t\u00e9cnicos, de seguridad, de control, de mantenimiento, por fallos de suministro el\u00e9ctrico o por cualquier otra causa justificada.<\/p>\n<p>En consecuencia, Lew Hoad no garantiza la fiabilidad, la disponibilidad ni la continuidad de su Sitio Web ni de los Servicios, por lo que la utilizaci\u00f3n de los mismos por parte del Cliente se lleva a cabo por su propia cuenta y riesgo, sin que, en ning\u00fan momento, puedan exigirse responsabilidades a Lew Hoad en este sentido.<\/p>\n<p>Lew Hoad no ser\u00e1 responsable en caso de que existan interrupciones de los Servicios, demoras, errores, mal funcionamiento del mismo y, en general, dem\u00e1s inconvenientes que tengan su origen en causas que escapan del control de Lew Hoad, y\/o debida a una actuaci\u00f3n dolosa o culposa del Cliente y\/o tenga por origen causas de caso fortuito o fuerza Mayor. Sin perjuicio de lo establecido en el art\u00edculo 1105 del C\u00f3digo Civil, se entender\u00e1n incluidos en el concepto de Fuerza Mayor, adem\u00e1s, y a los efectos de las presentes Condiciones Generales, todos aquellos acontecimientos acaecidos fuera del control de Lew Hoad, tales como: fallo de terceros, operadores o compa\u00f1\u00edas de servicios, actos de Gobierno, falta de acceso a redes de terceros, actos u omisiones de las Autoridades P\u00fablicas, aquellos otros producidos como consecuencia de fen\u00f3menos naturales, apagones, etc y el ataque de hackers o terceros especializados en la seguridad o integridad del sistema inform\u00e1tico, siempre que Lew Hoad haya adoptado las medidas de seguridad razonables de acuerdo con el estado de la t\u00e9cnica. En cualquier caso, sea cual fuere su causa, Lew Hoad no asumir\u00e1 responsabilidad alguna ya sea por da\u00f1os directos o indirectos, da\u00f1o emergente y\/o por lucro cesante.<\/p>\n<p>Lew Hoad excluye cualquier responsabilidad por los da\u00f1os y perjuicios de toda naturaleza que puedan deberse a la falta de veracidad, exactitud, exhaustividad y\/o actualidad de los Servicios transmitidos, difundidos, almacenados, puestos a disposici\u00f3n o recibidos, obtenidos o a los que se haya accedido a trav\u00e9s del Sitio Web as\u00ed como por los Servicios prestados u ofertados por terceras personas o entidades. Lew Hoad tratar\u00e1 en la medida de lo posible de actualizar y rectificar aquella informaci\u00f3n alojada en su Sitio Web que no cumpla con las m\u00ednimas garant\u00edas de veracidad. No obstante quedar\u00e1 exonerada de responsabilidad por su no actualizaci\u00f3n o rectificaci\u00f3n as\u00ed como por los contenidos e informaciones vertidos en la misma. En este sentido, Lew Hoad no tiene obligaci\u00f3n de controlar y no controla los contenidos transmitidos, difundidos o puestos a disposici\u00f3n de terceros por los Clientes o colaboradores, salvo los supuestos en que as\u00ed lo exija la legislaci\u00f3n vigente o cuando sea requerido por una Autoridad Judicial o Administrativa competente.<\/p>\n<p>De igual modo, Lew Hoad excluye cualquier responsabilidad por los da\u00f1os y perjuicios de toda clase que puedan deberse a la presencia de virus o a la presencia de otros elementos lesivos en los contenidos que puedan producir alteraci\u00f3n en los sistemas inform\u00e1ticos as\u00ed como en los documentos o sistemas almacenados en los mismos.<\/p>\n<p>Lew Hoad no se hace responsable por la utilizaci\u00f3n que el Cliente realice de los Servicios del Sitio Web ni de sus contrase\u00f1as, as\u00ed como de cualquier otro material del mismo, infringiendo los derechos de propiedad intelectual o industrial o cualquier otro derecho de terceros.<\/p>\n<p>El Cliente se obliga a mantener indemne a Lew Hoad, por cualquier da\u00f1o, perjuicio, sanci\u00f3n, gasto (incluyendo, sin limitaci\u00f3n, honorarios de abogados) o responsabilidad civil, administrativa o de cualquier otra \u00edndole, que pudiera sufrir Lew Hoad que guarde relaci\u00f3n con el incumplimiento o cumplimiento parcial o defectuoso por su parte de lo establecido en las presentes Condiciones Generales o en la legislaci\u00f3n aplicable, y, en especial, en relaci\u00f3n con sus obligaciones relativas a protecci\u00f3n de datos de car\u00e1cter personal recogidas en las presentes condiciones o establecidas en la LOPD y normativa de desarrollo.<\/p>\n<h4>ENLACES A OTROS SITIOS WEB<\/h4>\n<p>Lew Hoad no garantiza ni asume ning\u00fan tipo de responsabilidad por los da\u00f1os y perjuicios sufridos por el acceso a Servicios de terceros a trav\u00e9s de conexiones, v\u00ednculos o links de los sitios enlazados ni sobre la exactitud o fiabilidad de los mismos. La funci\u00f3n de los enlaces que aparecen en Lew Hoad es exclusivamente la de informar al Cliente sobre la existencia de otras fuentes de informaci\u00f3n en Internet, donde podr\u00e1 ampliar los Servicios ofrecidos por el Portal. Lew Hoad no ser\u00e1 en ning\u00fan caso responsable del resultado obtenido a trav\u00e9s de dichos enlaces o de las consecuencias que se deriven del acceso por los Clientes a los mismos. Estos Servicios de terceros son proporcionados por \u00e9stos, por lo que Lew Hoad no puede controlar y no controla la licitud de los Servicios ni su calidad. En consecuencia, el Cliente debe extremar la prudencia en la valoraci\u00f3n y utilizaci\u00f3n de la informaci\u00f3n y servicios existentes en los contenidos de terceros.<\/p>\n<h4>LEY APLICABLE Y JURISDICCI\u00d3N<\/h4>\n<p>Para cuantas cuestiones interpretativas o litigiosas que pudieran plantearse ser\u00e1 de aplicaci\u00f3n la legislaci\u00f3n espa\u00f1ola y en caso de controversia, ambas partes acuerdan someterse, con renuncia a cualquier otro fuero que pudiera corresponderle, a la jurisdicci\u00f3n de los Juzgados y Tribunales de la ciudad de Madrid.<\/p>\n<\/div>\n<p>[\/vc_column_text][\/vc_column][\/vc_row][vc_row][vc_column][vc_raw_html el_class=\u00bbgdpr-button\u00bb]JTVCdWx0aW1hdGVfZ2Rwcl90ZXJtc19hY2NlcHQlNUQ=[\/vc_raw_html][\/vc_column][\/vc_row][\/vc_section]<\/p>\n<\/section>","protected":false},"excerpt":{"rendered":"<p>[vc_section el_class=\u00bbgdpr-container\u00bb][vc_row][vc_column][vc_column_text] T\u00e9rminos y Condiciones [\/vc_column_text][\/vc_column][\/vc_row][vc_row][vc_column][vc_column_text] T\u00c9RMINOS Y CONDICIONES OBJETO Las presentes Condiciones Generales de Uso, Pol\u00edtica de Privacidad y Venta (en adelante, las \u00abCondiciones Generales\u00bb) regulan el uso del sitio web lew-hoad.com (en adelante, el Sitio Web) que Rios y Segura,CB. (en adelante \u00abLew Hoad\u00bb), pone a disposici\u00f3n de las personas que accedan a su Sitio Web con el fin de proporcionales informaci\u00f3n sobre [&hellip;]<\/p>\n","protected":false},"author":1,"featured_media":0,"parent":0,"menu_order":0,"comment_status":"closed","ping_status":"closed","template":"","meta":{"footnotes":""},"class_list":["post-7028","page","type-page","status-publish","hentry"],"_links":{"self":[{"href":"https:\/\/www.lew-hoad.com\/es\/wp-json\/wp\/v2\/pages\/7028","targetHints":{"allow":["GET"]}}],"collection":[{"href":"https:\/\/www.lew-hoad.com\/es\/wp-json\/wp\/v2\/pages"}],"about":[{"href":"https:\/\/www.lew-hoad.com\/es\/wp-json\/wp\/v2\/types\/page"}],"author":[{"embeddable":true,"href":"https:\/\/www.lew-hoad.com\/es\/wp-json\/wp\/v2\/users\/1"}],"replies":[{"embeddable":true,"href":"https:\/\/www.lew-hoad.com\/es\/wp-json\/wp\/v2\/comments?post=7028"}],"version-history":[{"count":5,"href":"https:\/\/www.lew-hoad.com\/es\/wp-json\/wp\/v2\/pages\/7028\/revisions"}],"predecessor-version":[{"id":8765,"href":"https:\/\/www.lew-hoad.com\/es\/wp-json\/wp\/v2\/pages\/7028\/revisions\/8765"}],"wp:attachment":[{"href":"https:\/\/www.lew-hoad.com\/es\/wp-json\/wp\/v2\/media?parent=7028"}],"curies":[{"name":"wp","href":"https:\/\/api.w.org\/{rel}","templated":true}]}}